{"id":121,"date":"2025-11-26T08:23:55","date_gmt":"2025-11-26T08:23:55","guid":{"rendered":"https:\/\/korskirken.inside.rocks\/?page_id=121"},"modified":"2025-12-15T14:01:43","modified_gmt":"2025-12-15T13:01:43","slug":"manedens-burger","status":"publish","type":"page","link":"https:\/\/korskirken.inside.rocks\/nb\/manedens-burger\/","title":{"rendered":"M\u00e5nedens Burger"},"content":{"rendered":"\n<div class=\"wp-block-query alignfull is-layout-flow wp-block-query-is-layout-flow\"><ul class=\"wp-block-post-template is-layout-flow wp-block-post-template-is-layout-flow\"><li class=\"wp-block-post post-934 post type-post status-publish format-standard has-post-thumbnail hentry category-manedens\">\n\n<div class=\"wp-block-cover has-custom-content-position is-position-top-center splash\" style=\"padding-top:var(--wp--preset--spacing--30);padding-right:var(--wp--preset--spacing--30);padding-bottom:var(--wp--preset--spacing--30);padding-left:var(--wp--preset--spacing--30);min-height:650px;aspect-ratio:unset;\"><span aria-hidden=\"true\" class=\"wp-block-cover__background has-base-background-color has-background-dim\"><\/span><img data-recalc-dims=\"1\" loading=\"lazy\" decoding=\"async\" width=\"2560\" height=\"1707\" src=\"https:\/\/i0.wp.com\/korskirken.inside.rocks\/wp-content\/uploads\/sites\/6\/2026\/04\/BS_09327-scaled.jpg?resize=2560%2C1707&#038;ssl=1\" class=\"wp-block-cover__image-background wp-post-image\" alt=\"\" data-object-fit=\"cover\" srcset=\"https:\/\/i0.wp.com\/korskirken.inside.rocks\/wp-content\/uploads\/sites\/6\/2026\/04\/BS_09327-scaled.jpg?w=2560&amp;ssl=1 2560w, https:\/\/i0.wp.com\/korskirken.inside.rocks\/wp-content\/uploads\/sites\/6\/2026\/04\/BS_09327-scaled.jpg?resize=300%2C200&amp;ssl=1 300w, https:\/\/i0.wp.com\/korskirken.inside.rocks\/wp-content\/uploads\/sites\/6\/2026\/04\/BS_09327-scaled.jpg?resize=1024%2C683&amp;ssl=1 1024w, https:\/\/i0.wp.com\/korskirken.inside.rocks\/wp-content\/uploads\/sites\/6\/2026\/04\/BS_09327-scaled.jpg?resize=768%2C512&amp;ssl=1 768w, https:\/\/i0.wp.com\/korskirken.inside.rocks\/wp-content\/uploads\/sites\/6\/2026\/04\/BS_09327-scaled.jpg?resize=1536%2C1024&amp;ssl=1 1536w, https:\/\/i0.wp.com\/korskirken.inside.rocks\/wp-content\/uploads\/sites\/6\/2026\/04\/BS_09327-scaled.jpg?resize=2048%2C1365&amp;ssl=1 2048w\" sizes=\"auto, (max-width: 1000px) 100vw, 1000px\" \/><div class=\"wp-block-cover__inner-container has-global-padding is-layout-constrained wp-container-core-cover-is-layout-a35945ca wp-block-cover-is-layout-constrained\">\n<h1 class=\"wp-block-heading alignwide\">M\u00e5nedens Burger<\/h1>\n\n\n\n<div class=\"wp-block-group alignwide has-global-padding is-content-justification-left is-layout-constrained wp-container-core-group-is-layout-12dd3699 wp-block-group-is-layout-constrained\"><div style=\"text-transform:capitalize;\" class=\"wp-block-post-date has-x-large-font-size\"><time datetime=\"2026-04-03T16:13:14+01:00\">april<\/time><\/div><\/div>\n\n\n\n<div style=\"height:40px\" aria-hidden=\"true\" class=\"wp-block-spacer\"><\/div>\n\n\n<h1 class=\"wp-block-post-title\"><a href=\"https:\/\/korskirken.inside.rocks\/nb\/2026\/04\/03\/noir-desir\/\" target=\"_self\" >Noir D\u00e9sir<\/a><\/h1>\n\n<div class=\"entry-content wp-block-post-content is-layout-flow wp-block-post-content-is-layout-flow\">\n<p>2x100g storfeburger med Jarlsberg og sm\u00f8rstekt brioche.<\/p>\n\n\n\n<p>Fyldig fransk l\u00f8ksuppe som dip for burgeren.<\/p>\n\n\n\n<p>Serveres med French fries.<\/p>\n\n\n\n<p class=\"has-small-font-size\"><em>Allergener: Hvetegluten, melk, selleri.<\/em><\/p>\n<\/div><\/div><\/div>\n\n\n\n<hr class=\"wp-block-separator has-alpha-channel-opacity is-style-dots\" style=\"margin-top:var(--wp--preset--spacing--20);margin-bottom:var(--wp--preset--spacing--20)\"\/>\n\n<\/li><li class=\"wp-block-post post-915 post type-post status-publish format-standard has-post-thumbnail hentry category-manedens\">\n\n<div class=\"wp-block-cover has-custom-content-position is-position-top-center splash\" style=\"padding-top:var(--wp--preset--spacing--30);padding-right:var(--wp--preset--spacing--30);padding-bottom:var(--wp--preset--spacing--30);padding-left:var(--wp--preset--spacing--30);min-height:650px;aspect-ratio:unset;\"><span aria-hidden=\"true\" class=\"wp-block-cover__background has-base-background-color has-background-dim\"><\/span><img data-recalc-dims=\"1\" loading=\"lazy\" decoding=\"async\" width=\"2048\" height=\"1536\" src=\"https:\/\/i0.wp.com\/korskirken.inside.rocks\/wp-content\/uploads\/sites\/6\/2026\/03\/642799046_1539255601535234_7354347179859546155_n.jpg?resize=2048%2C1536&#038;ssl=1\" class=\"wp-block-cover__image-background wp-post-image\" alt=\"\" data-object-fit=\"cover\" srcset=\"https:\/\/i0.wp.com\/korskirken.inside.rocks\/wp-content\/uploads\/sites\/6\/2026\/03\/642799046_1539255601535234_7354347179859546155_n.jpg?w=2048&amp;ssl=1 2048w, https:\/\/i0.wp.com\/korskirken.inside.rocks\/wp-content\/uploads\/sites\/6\/2026\/03\/642799046_1539255601535234_7354347179859546155_n.jpg?resize=300%2C225&amp;ssl=1 300w, https:\/\/i0.wp.com\/korskirken.inside.rocks\/wp-content\/uploads\/sites\/6\/2026\/03\/642799046_1539255601535234_7354347179859546155_n.jpg?resize=1024%2C768&amp;ssl=1 1024w, https:\/\/i0.wp.com\/korskirken.inside.rocks\/wp-content\/uploads\/sites\/6\/2026\/03\/642799046_1539255601535234_7354347179859546155_n.jpg?resize=768%2C576&amp;ssl=1 768w, https:\/\/i0.wp.com\/korskirken.inside.rocks\/wp-content\/uploads\/sites\/6\/2026\/03\/642799046_1539255601535234_7354347179859546155_n.jpg?resize=1536%2C1152&amp;ssl=1 1536w\" sizes=\"auto, (max-width: 1000px) 100vw, 1000px\" \/><div class=\"wp-block-cover__inner-container has-global-padding is-layout-constrained wp-container-core-cover-is-layout-a35945ca wp-block-cover-is-layout-constrained\">\n<h1 class=\"wp-block-heading alignwide\">M\u00e5nedens Burger<\/h1>\n\n\n\n<div class=\"wp-block-group alignwide has-global-padding is-content-justification-left is-layout-constrained wp-container-core-group-is-layout-12dd3699 wp-block-group-is-layout-constrained\"><div style=\"text-transform:capitalize;\" class=\"wp-block-post-date has-x-large-font-size\"><time datetime=\"2026-03-02T16:10:37+01:00\">mars<\/time><\/div><\/div>\n\n\n\n<div style=\"height:40px\" aria-hidden=\"true\" class=\"wp-block-spacer\"><\/div>\n\n\n<h1 class=\"wp-block-post-title\"><a href=\"https:\/\/korskirken.inside.rocks\/nb\/2026\/03\/02\/lebanese-blond\/\" target=\"_self\" >Lebanese Blond<\/a><\/h1>\n\n<div class=\"entry-content wp-block-post-content is-layout-flow wp-block-post-content-is-layout-flow\">\n<p><strong>190g urte-marinert storfe-burger<\/strong> med <strong>tzatziki<\/strong> og <strong>hummus<\/strong>.<\/p>\n\n\n\n<p>Kommer med <strong>biff-tomat<\/strong> og <strong>r\u00f8dl\u00f8k<\/strong>.<\/p>\n\n\n\n<p>Serveres med <strong>French fries<\/strong> og <strong>tzatziki dip<\/strong>.<\/p>\n\n\n\n<p class=\"has-small-font-size\"><em>Allergener: Melk, hvetegluten, selleri, sesam, soya.<\/em><\/p>\n<\/div><\/div><\/div>\n\n\n\n<hr class=\"wp-block-separator has-alpha-channel-opacity is-style-dots\" style=\"margin-top:var(--wp--preset--spacing--20);margin-bottom:var(--wp--preset--spacing--20)\"\/>\n\n<\/li><li class=\"wp-block-post post-874 post type-post status-publish format-standard has-post-thumbnail hentry category-manedens\">\n\n<div class=\"wp-block-cover has-custom-content-position is-position-top-center splash\" style=\"padding-top:var(--wp--preset--spacing--30);padding-right:var(--wp--preset--spacing--30);padding-bottom:var(--wp--preset--spacing--30);padding-left:var(--wp--preset--spacing--30);min-height:650px;aspect-ratio:unset;\"><span aria-hidden=\"true\" class=\"wp-block-cover__background has-base-background-color has-background-dim\"><\/span><img data-recalc-dims=\"1\" loading=\"lazy\" decoding=\"async\" width=\"2560\" height=\"1707\" src=\"https:\/\/i0.wp.com\/korskirken.inside.rocks\/wp-content\/uploads\/sites\/6\/2026\/02\/BS_09102-scaled.jpg?resize=2560%2C1707&#038;ssl=1\" class=\"wp-block-cover__image-background wp-post-image\" alt=\"\" data-object-fit=\"cover\" srcset=\"https:\/\/i0.wp.com\/korskirken.inside.rocks\/wp-content\/uploads\/sites\/6\/2026\/02\/BS_09102-scaled.jpg?w=2560&amp;ssl=1 2560w, https:\/\/i0.wp.com\/korskirken.inside.rocks\/wp-content\/uploads\/sites\/6\/2026\/02\/BS_09102-scaled.jpg?resize=300%2C200&amp;ssl=1 300w, https:\/\/i0.wp.com\/korskirken.inside.rocks\/wp-content\/uploads\/sites\/6\/2026\/02\/BS_09102-scaled.jpg?resize=1024%2C683&amp;ssl=1 1024w, https:\/\/i0.wp.com\/korskirken.inside.rocks\/wp-content\/uploads\/sites\/6\/2026\/02\/BS_09102-scaled.jpg?resize=768%2C512&amp;ssl=1 768w, https:\/\/i0.wp.com\/korskirken.inside.rocks\/wp-content\/uploads\/sites\/6\/2026\/02\/BS_09102-scaled.jpg?resize=1536%2C1024&amp;ssl=1 1536w, https:\/\/i0.wp.com\/korskirken.inside.rocks\/wp-content\/uploads\/sites\/6\/2026\/02\/BS_09102-scaled.jpg?resize=2048%2C1365&amp;ssl=1 2048w\" sizes=\"auto, (max-width: 1000px) 100vw, 1000px\" \/><div class=\"wp-block-cover__inner-container has-global-padding is-layout-constrained wp-container-core-cover-is-layout-a35945ca wp-block-cover-is-layout-constrained\">\n<h1 class=\"wp-block-heading alignwide\">M\u00e5nedens Burger<\/h1>\n\n\n\n<div class=\"wp-block-group alignwide has-global-padding is-content-justification-left is-layout-constrained wp-container-core-group-is-layout-12dd3699 wp-block-group-is-layout-constrained\"><div style=\"text-transform:capitalize;\" class=\"wp-block-post-date has-x-large-font-size\"><time datetime=\"2026-02-03T11:50:42+01:00\">februar<\/time><\/div><\/div>\n\n\n\n<div style=\"height:40px\" aria-hidden=\"true\" class=\"wp-block-spacer\"><\/div>\n\n\n<h1 class=\"wp-block-post-title\"><a href=\"https:\/\/korskirken.inside.rocks\/nb\/2026\/02\/03\/big-kahuna-burger\/\" target=\"_self\" >Big Kahuna Burger<\/a><\/h1>\n\n<div class=\"entry-content wp-block-post-content is-layout-flow wp-block-post-content-is-layout-flow\">\n<p><strong>Storfeburger<\/strong> med <strong>ananas-bacon-jam<\/strong>, <strong>cheddar<\/strong> og <strong>spicy ketchup<\/strong>.<\/p>\n\n\n\n<p>Kommer med <strong>French fries<\/strong> og <strong>spicy ketchup dip<\/strong>.<\/p>\n\n\n\n<p class=\"has-medium-font-size\"><em>Allergies: Melk, sesam, hvetegluten, selleri, sulfitt<\/em><\/p>\n<\/div><\/div><\/div>\n\n\n\n<hr class=\"wp-block-separator has-alpha-channel-opacity is-style-dots\" style=\"margin-top:var(--wp--preset--spacing--20);margin-bottom:var(--wp--preset--spacing--20)\"\/>\n\n<\/li><li class=\"wp-block-post post-635 post type-post status-publish format-standard has-post-thumbnail hentry category-manedens\">\n\n<div class=\"wp-block-cover has-custom-content-position is-position-top-center splash\" style=\"padding-top:var(--wp--preset--spacing--30);padding-right:var(--wp--preset--spacing--30);padding-bottom:var(--wp--preset--spacing--30);padding-left:var(--wp--preset--spacing--30);min-height:650px;aspect-ratio:unset;\"><span aria-hidden=\"true\" class=\"wp-block-cover__background has-base-background-color has-background-dim\"><\/span><img data-recalc-dims=\"1\" loading=\"lazy\" decoding=\"async\" width=\"1920\" height=\"1280\" src=\"https:\/\/i0.wp.com\/korskirken.inside.rocks\/wp-content\/uploads\/sites\/6\/2025\/12\/Mississippi-Queen-Sept-mnd-burger.-1.jpeg?resize=1920%2C1280&#038;ssl=1\" class=\"wp-block-cover__image-background wp-post-image\" alt=\"\" data-object-fit=\"cover\" srcset=\"https:\/\/i0.wp.com\/korskirken.inside.rocks\/wp-content\/uploads\/sites\/6\/2025\/12\/Mississippi-Queen-Sept-mnd-burger.-1.jpeg?w=1920&amp;ssl=1 1920w, https:\/\/i0.wp.com\/korskirken.inside.rocks\/wp-content\/uploads\/sites\/6\/2025\/12\/Mississippi-Queen-Sept-mnd-burger.-1.jpeg?resize=300%2C200&amp;ssl=1 300w, https:\/\/i0.wp.com\/korskirken.inside.rocks\/wp-content\/uploads\/sites\/6\/2025\/12\/Mississippi-Queen-Sept-mnd-burger.-1.jpeg?resize=1024%2C683&amp;ssl=1 1024w, https:\/\/i0.wp.com\/korskirken.inside.rocks\/wp-content\/uploads\/sites\/6\/2025\/12\/Mississippi-Queen-Sept-mnd-burger.-1.jpeg?resize=768%2C512&amp;ssl=1 768w, https:\/\/i0.wp.com\/korskirken.inside.rocks\/wp-content\/uploads\/sites\/6\/2025\/12\/Mississippi-Queen-Sept-mnd-burger.-1.jpeg?resize=1536%2C1024&amp;ssl=1 1536w\" sizes=\"auto, (max-width: 1000px) 100vw, 1000px\" \/><div class=\"wp-block-cover__inner-container has-global-padding is-layout-constrained wp-container-core-cover-is-layout-a35945ca wp-block-cover-is-layout-constrained\">\n<h1 class=\"wp-block-heading alignwide\">M\u00e5nedens Burger<\/h1>\n\n\n\n<div class=\"wp-block-group alignwide has-global-padding is-content-justification-left is-layout-constrained wp-container-core-group-is-layout-12dd3699 wp-block-group-is-layout-constrained\"><div style=\"text-transform:capitalize;\" class=\"wp-block-post-date has-x-large-font-size\"><time datetime=\"2026-01-01T11:30:00+01:00\">januar<\/time><\/div><\/div>\n\n\n\n<div style=\"height:40px\" aria-hidden=\"true\" class=\"wp-block-spacer\"><\/div>\n\n\n<h1 class=\"wp-block-post-title\"><a href=\"https:\/\/korskirken.inside.rocks\/nb\/2026\/01\/01\/mississippi-queen\/\" target=\"_self\" >Mississippi Queen<\/a><\/h1>\n\n<div class=\"entry-content wp-block-post-content is-layout-flow wp-block-post-content-is-layout-flow\">\n<p>En saftig storfeburger med v\u00e5r dristige, spicy thousand island i bunn, toppet med spr\u00f8stekt bacon, smeltet cheddar og et hint av Tabascopur\u00e9 for ekstra heat.<\/p>\n\n\n\n<p>Servert i en myk brioche\u2011bun med frisk tomat, spr\u00f8 sylteagurk og crisp salat. P\u00e5 siden f\u00e5r du v\u00e5re gylne potetb\u00e5ter og en spicy thousand island dip.<\/p>\n\n\n\n<p class=\"has-small-font-size\">Allergener: Egg, hvete-gluten, byggluten, melk, selleri, sennep, soya, lupiner, fisk (ansjos)<\/p>\n<\/div><\/div><\/div>\n\n\n\n<hr class=\"wp-block-separator has-alpha-channel-opacity is-style-dots\" style=\"margin-top:var(--wp--preset--spacing--20);margin-bottom:var(--wp--preset--spacing--20)\"\/>\n\n<\/li><li class=\"wp-block-post post-327 post type-post status-publish format-standard has-post-thumbnail hentry category-manedens\">\n\n<div class=\"wp-block-cover has-custom-content-position is-position-top-center splash\" style=\"padding-top:var(--wp--preset--spacing--30);padding-right:var(--wp--preset--spacing--30);padding-bottom:var(--wp--preset--spacing--30);padding-left:var(--wp--preset--spacing--30);min-height:650px;aspect-ratio:unset;\"><span aria-hidden=\"true\" class=\"wp-block-cover__background has-base-background-color has-background-dim\"><\/span><img data-recalc-dims=\"1\" loading=\"lazy\" decoding=\"async\" width=\"2560\" height=\"1707\" src=\"https:\/\/i0.wp.com\/korskirken.inside.rocks\/wp-content\/uploads\/sites\/6\/2025\/12\/BS_08988-scaled.jpg?resize=2560%2C1707&#038;ssl=1\" class=\"wp-block-cover__image-background wp-post-image\" alt=\"\" data-object-fit=\"cover\" srcset=\"https:\/\/i0.wp.com\/korskirken.inside.rocks\/wp-content\/uploads\/sites\/6\/2025\/12\/BS_08988-scaled.jpg?w=2560&amp;ssl=1 2560w, https:\/\/i0.wp.com\/korskirken.inside.rocks\/wp-content\/uploads\/sites\/6\/2025\/12\/BS_08988-scaled.jpg?resize=300%2C200&amp;ssl=1 300w, https:\/\/i0.wp.com\/korskirken.inside.rocks\/wp-content\/uploads\/sites\/6\/2025\/12\/BS_08988-scaled.jpg?resize=1024%2C683&amp;ssl=1 1024w, https:\/\/i0.wp.com\/korskirken.inside.rocks\/wp-content\/uploads\/sites\/6\/2025\/12\/BS_08988-scaled.jpg?resize=768%2C512&amp;ssl=1 768w, https:\/\/i0.wp.com\/korskirken.inside.rocks\/wp-content\/uploads\/sites\/6\/2025\/12\/BS_08988-scaled.jpg?resize=1536%2C1024&amp;ssl=1 1536w, https:\/\/i0.wp.com\/korskirken.inside.rocks\/wp-content\/uploads\/sites\/6\/2025\/12\/BS_08988-scaled.jpg?resize=2048%2C1365&amp;ssl=1 2048w\" sizes=\"auto, (max-width: 1000px) 100vw, 1000px\" \/><div class=\"wp-block-cover__inner-container has-global-padding is-layout-constrained wp-container-core-cover-is-layout-a35945ca wp-block-cover-is-layout-constrained\">\n<h1 class=\"wp-block-heading alignwide\">M\u00e5nedens Burger<\/h1>\n\n\n\n<div class=\"wp-block-group alignwide has-global-padding is-content-justification-left is-layout-constrained wp-container-core-group-is-layout-12dd3699 wp-block-group-is-layout-constrained\"><div style=\"text-transform:capitalize;\" class=\"wp-block-post-date has-x-large-font-size\"><time datetime=\"2025-12-01T20:11:00+01:00\">desember<\/time><\/div><\/div>\n\n\n\n<div style=\"height:40px\" aria-hidden=\"true\" class=\"wp-block-spacer\"><\/div>\n\n\n<h1 class=\"wp-block-post-title\"><a href=\"https:\/\/korskirken.inside.rocks\/nb\/2025\/12\/01\/thrasher\/\" target=\"_self\" >Thrasher<\/a><\/h1>\n\n<div class=\"entry-content wp-block-post-content is-layout-flow wp-block-post-content-is-layout-flow\">\n<p><strong>Storfeburger<\/strong> med <strong>kremet tytteb\u00e6r-majones<\/strong>, sm\u00f8rdampet <strong>rosenk\u00e5l<\/strong> og <strong>bacon<\/strong>.<\/p>\n\n\n\n<p>Toppes med <strong>Jarlsberg ost<\/strong>.<\/p>\n\n\n\n<p>Serveres med <strong>potetb\u00e5ter<\/strong> og <strong>tytteb\u00e6r-majones dip<\/strong>.<\/p>\n\n\n\n<p>Allergener: <em>Egg, hvetegluten, melk, selleri, sennep, soya<\/em><\/p>\n<\/div><\/div><\/div>\n\n\n\n<hr class=\"wp-block-separator has-alpha-channel-opacity is-style-dots\" style=\"margin-top:var(--wp--preset--spacing--20);margin-bottom:var(--wp--preset--spacing--20)\"\/>\n\n<\/li><li class=\"wp-block-post post-118 post type-post status-publish format-standard has-post-thumbnail hentry category-manedens\">\n\n<div class=\"wp-block-cover has-custom-content-position is-position-top-center splash\" style=\"padding-top:var(--wp--preset--spacing--30);padding-right:var(--wp--preset--spacing--30);padding-bottom:var(--wp--preset--spacing--30);padding-left:var(--wp--preset--spacing--30);min-height:650px;aspect-ratio:unset;\"><span aria-hidden=\"true\" class=\"wp-block-cover__background has-base-background-color has-background-dim\"><\/span><img data-recalc-dims=\"1\" loading=\"lazy\" decoding=\"async\" width=\"2560\" height=\"1707\" src=\"https:\/\/i0.wp.com\/korskirken.inside.rocks\/wp-content\/uploads\/sites\/6\/2025\/11\/BS_08944-scaled.jpg?resize=2560%2C1707&#038;ssl=1\" class=\"wp-block-cover__image-background wp-post-image\" alt=\"Kylling Burger\" data-object-fit=\"cover\" srcset=\"https:\/\/i0.wp.com\/korskirken.inside.rocks\/wp-content\/uploads\/sites\/6\/2025\/11\/BS_08944-scaled.jpg?w=2560&amp;ssl=1 2560w, https:\/\/i0.wp.com\/korskirken.inside.rocks\/wp-content\/uploads\/sites\/6\/2025\/11\/BS_08944-scaled.jpg?resize=300%2C200&amp;ssl=1 300w, https:\/\/i0.wp.com\/korskirken.inside.rocks\/wp-content\/uploads\/sites\/6\/2025\/11\/BS_08944-scaled.jpg?resize=1024%2C683&amp;ssl=1 1024w, https:\/\/i0.wp.com\/korskirken.inside.rocks\/wp-content\/uploads\/sites\/6\/2025\/11\/BS_08944-scaled.jpg?resize=768%2C512&amp;ssl=1 768w, https:\/\/i0.wp.com\/korskirken.inside.rocks\/wp-content\/uploads\/sites\/6\/2025\/11\/BS_08944-scaled.jpg?resize=1536%2C1024&amp;ssl=1 1536w, https:\/\/i0.wp.com\/korskirken.inside.rocks\/wp-content\/uploads\/sites\/6\/2025\/11\/BS_08944-scaled.jpg?resize=2048%2C1365&amp;ssl=1 2048w\" sizes=\"auto, (max-width: 1000px) 100vw, 1000px\" \/><div class=\"wp-block-cover__inner-container has-global-padding is-layout-constrained wp-container-core-cover-is-layout-a35945ca wp-block-cover-is-layout-constrained\">\n<h1 class=\"wp-block-heading alignwide\">M\u00e5nedens Burger<\/h1>\n\n\n\n<div class=\"wp-block-group alignwide has-global-padding is-content-justification-left is-layout-constrained wp-container-core-group-is-layout-12dd3699 wp-block-group-is-layout-constrained\"><div style=\"text-transform:capitalize;\" class=\"wp-block-post-date has-x-large-font-size\"><time datetime=\"2025-11-26T08:10:52+01:00\">november<\/time><\/div><\/div>\n\n\n\n<div style=\"height:40px\" aria-hidden=\"true\" class=\"wp-block-spacer\"><\/div>\n\n\n<h1 class=\"wp-block-post-title\"><a href=\"https:\/\/korskirken.inside.rocks\/nb\/2025\/11\/26\/soul-chaser\/\" target=\"_self\" >Soul Chaser<\/a><\/h1>\n\n<div class=\"entry-content wp-block-post-content is-layout-flow wp-block-post-content-is-layout-flow\">\n<p><strong>Crispy kyllingburger<\/strong> med <strong>Caesar dressing<\/strong>, <strong>bacon<\/strong> og <strong>Parmesan-ost<\/strong>. Serveres med <strong>straight cut fries<\/strong> og <strong>mango-dip<\/strong>.<\/p>\n\n\n\n<p><em>Allergener: Hvete\/byggluten, melk, egg, sennep, soya, fisk.<\/em><\/p>\n\n\n\n<p><\/p>\n<\/div><\/div><\/div>\n\n\n\n<hr class=\"wp-block-separator has-alpha-channel-opacity is-style-dots\" style=\"margin-top:var(--wp--preset--spacing--20);margin-bottom:var(--wp--preset--spacing--20)\"\/>\n\n<\/li><\/ul><\/div>\n","protected":false},"excerpt":{"rendered":"","protected":false},"author":1,"featured_media":0,"parent":0,"menu_order":0,"comment_status":"closed","ping_status":"closed","template":"page-no-title","meta":{"advanced_seo_description":"","jetpack_seo_html_title":"","jetpack_seo_noindex":false,"footnotes":""},"class_list":["post-121","page","type-page","status-publish","hentry"],"jetpack_sharing_enabled":true,"_links":{"self":[{"href":"https:\/\/korskirken.inside.rocks\/nb\/wp-json\/wp\/v2\/pages\/121","targetHints":{"allow":["GET"]}}],"collection":[{"href":"https:\/\/korskirken.inside.rocks\/nb\/wp-json\/wp\/v2\/pages"}],"about":[{"href":"https:\/\/korskirken.inside.rocks\/nb\/wp-json\/wp\/v2\/types\/page"}],"author":[{"embeddable":true,"href":"https:\/\/korskirken.inside.rocks\/nb\/wp-json\/wp\/v2\/users\/1"}],"replies":[{"embeddable":true,"href":"https:\/\/korskirken.inside.rocks\/nb\/wp-json\/wp\/v2\/comments?post=121"}],"version-history":[{"count":21,"href":"https:\/\/korskirken.inside.rocks\/nb\/wp-json\/wp\/v2\/pages\/121\/revisions"}],"predecessor-version":[{"id":545,"href":"https:\/\/korskirken.inside.rocks\/nb\/wp-json\/wp\/v2\/pages\/121\/revisions\/545"}],"wp:attachment":[{"href":"https:\/\/korskirken.inside.rocks\/nb\/wp-json\/wp\/v2\/media?parent=121"}],"curies":[{"name":"wp","href":"https:\/\/api.w.org\/{rel}","templated":true}]}}