{"id":146,"date":"2025-11-27T10:46:14","date_gmt":"2025-11-27T10:46:14","guid":{"rendered":"https:\/\/korskirken.inside.rocks\/?page_id=146"},"modified":"2026-01-12T15:23:58","modified_gmt":"2026-01-12T14:23:58","slug":"eventer","status":"publish","type":"page","link":"https:\/\/korskirken.inside.rocks\/nb\/eventer\/","title":{"rendered":"Eventer"},"content":{"rendered":"\n<div class=\"wp-block-query alignwide is-layout-flow wp-block-query-is-layout-flow\"><ul class=\"wp-block-post-template is-layout-flow wp-container-core-post-template-is-layout-ea1fff98 wp-block-post-template-is-layout-flow\"><li class=\"wp-block-post post-140 post type-post status-publish format-standard has-post-thumbnail hentry category-event\">\n\n<div class=\"wp-block-cover has-border-color has-accent-3-border-color\" style=\"border-width:1px;border-radius:25px;margin-top:var(--wp--preset--spacing--20);margin-bottom:var(--wp--preset--spacing--20);padding-top:0;padding-bottom:0;min-height:457px;aspect-ratio:unset;\"><span aria-hidden=\"true\" class=\"wp-block-cover__background has-base-background-color has-background-dim-60 has-background-dim\"><\/span><img data-recalc-dims=\"1\" loading=\"lazy\" decoding=\"async\" width=\"2048\" height=\"1536\" src=\"https:\/\/i0.wp.com\/korskirken.inside.rocks\/wp-content\/uploads\/sites\/6\/2025\/11\/472520229_1393581782039694_3359879925148854157_n.jpg?resize=2048%2C1536&#038;ssl=1\" class=\"wp-block-cover__image-background wp-post-image\" alt=\"\" data-object-fit=\"cover\" srcset=\"https:\/\/i0.wp.com\/korskirken.inside.rocks\/wp-content\/uploads\/sites\/6\/2025\/11\/472520229_1393581782039694_3359879925148854157_n.jpg?w=2048&amp;ssl=1 2048w, https:\/\/i0.wp.com\/korskirken.inside.rocks\/wp-content\/uploads\/sites\/6\/2025\/11\/472520229_1393581782039694_3359879925148854157_n.jpg?resize=300%2C225&amp;ssl=1 300w, https:\/\/i0.wp.com\/korskirken.inside.rocks\/wp-content\/uploads\/sites\/6\/2025\/11\/472520229_1393581782039694_3359879925148854157_n.jpg?resize=1024%2C768&amp;ssl=1 1024w, https:\/\/i0.wp.com\/korskirken.inside.rocks\/wp-content\/uploads\/sites\/6\/2025\/11\/472520229_1393581782039694_3359879925148854157_n.jpg?resize=768%2C576&amp;ssl=1 768w, https:\/\/i0.wp.com\/korskirken.inside.rocks\/wp-content\/uploads\/sites\/6\/2025\/11\/472520229_1393581782039694_3359879925148854157_n.jpg?resize=1536%2C1152&amp;ssl=1 1536w\" sizes=\"auto, (max-width: 1000px) 100vw, 1000px\" \/><div class=\"wp-block-cover__inner-container has-global-padding is-layout-constrained wp-block-cover-is-layout-constrained\"><h2 class=\"wp-block-post-title\"><a href=\"https:\/\/korskirken.inside.rocks\/nb\/2026\/01\/21\/inside-quiz\/\" target=\"_self\" >Inside Quiz<\/a><\/h2>\n\n<div class=\"entry-content wp-block-post-content is-layout-flow wp-block-post-content-is-layout-flow\">\n<h2 class=\"wp-block-heading\">\ud83c\udf89 InsideQuiz \u2013 hver onsdag kl. 20:00<\/h2>\n\n\n\n<p>Er du klar for \u00e5 teste hjernen og ha det g\u00f8y? Bli med p\u00e5 v\u00e5r legendariske <strong>Pub Quiz med DJ NoBeat!<\/strong><\/p>\n\n\n\n<p>\ud83d\udd25 4 spennende runder:<\/p>\n\n\n\n<ul class=\"wp-block-list\">\n<li>\ud83c\udfac Film<\/li>\n\n\n\n<li>\ud83c\udfb8 Musikk<\/li>\n\n\n\n<li>\ud83d\uddde\ufe0f Allmennkunnskap &#038; nyheter<\/li>\n\n\n\n<li>\u2049\ufe0f En hemmelig runde som avsl\u00f8res ved start!<\/li>\n<\/ul>\n\n\n\n<p>Ta med deg gjengen, reserver bord og gj\u00f8r dere klare til en kveld med latter, konkurranse og god stemning.<\/p>\n\n\n\n<div class=\"wp-block-group alignfull is-style-default is-content-justification-center is-nowrap is-layout-flex wp-container-core-group-is-layout-c0b7569f wp-block-group-is-layout-flex\" style=\"padding-top:var(--wp--preset--spacing--20);padding-bottom:var(--wp--preset--spacing--20)\"><span class=\"alexr-widget-wrap app-restaurant-form app-widget-button\" id=\"app-restaurant-form-36-IMFJT2GD\" data-embed=\"no\" data-nonce=\"29bb58cc2b\" data-widget=\"36\" data-restaurant=\"1\" data-hide_button=\"no\" data-button=\"Meld p\u00e5 ditt lag\" data-mode=\"service\" data-booking_uuid=\"\"><\/span>\n<\/div>\n\n\n\n<p><\/p>\n<\/div><\/div><\/div>\n\n\n\n<hr class=\"wp-block-separator has-css-opacity\"\/>\n\n<\/li><\/ul><\/div>\n","protected":false},"excerpt":{"rendered":"","protected":false},"author":1,"featured_media":0,"parent":0,"menu_order":0,"comment_status":"closed","ping_status":"closed","template":"page-no-title","meta":{"advanced_seo_description":"Join us for weekly quiz nights, live music, and private events at Inside Rock Caf\u00e9 Korskirken. Book your table and experience Bergen\u2019s best atmosphere.","jetpack_seo_html_title":"Inside Rock Caf\u00e9 Korskirken | Events & Quiz Nights in Bergen","jetpack_seo_noindex":false,"footnotes":""},"class_list":["post-146","page","type-page","status-publish","hentry"],"jetpack_sharing_enabled":true,"_links":{"self":[{"href":"https:\/\/korskirken.inside.rocks\/nb\/wp-json\/wp\/v2\/pages\/146","targetHints":{"allow":["GET"]}}],"collection":[{"href":"https:\/\/korskirken.inside.rocks\/nb\/wp-json\/wp\/v2\/pages"}],"about":[{"href":"https:\/\/korskirken.inside.rocks\/nb\/wp-json\/wp\/v2\/types\/page"}],"author":[{"embeddable":true,"href":"https:\/\/korskirken.inside.rocks\/nb\/wp-json\/wp\/v2\/users\/1"}],"replies":[{"embeddable":true,"href":"https:\/\/korskirken.inside.rocks\/nb\/wp-json\/wp\/v2\/comments?post=146"}],"version-history":[{"count":6,"href":"https:\/\/korskirken.inside.rocks\/nb\/wp-json\/wp\/v2\/pages\/146\/revisions"}],"predecessor-version":[{"id":813,"href":"https:\/\/korskirken.inside.rocks\/nb\/wp-json\/wp\/v2\/pages\/146\/revisions\/813"}],"wp:attachment":[{"href":"https:\/\/korskirken.inside.rocks\/nb\/wp-json\/wp\/v2\/media?parent=146"}],"curies":[{"name":"wp","href":"https:\/\/api.w.org\/{rel}","templated":true}]}}