{"id":363,"date":"2025-12-04T12:35:02","date_gmt":"2025-12-04T12:35:02","guid":{"rendered":"https:\/\/korskirken.inside.rocks\/?page_id=363"},"modified":"2025-12-15T13:13:14","modified_gmt":"2025-12-15T12:13:14","slug":"personvern","status":"publish","type":"page","link":"https:\/\/korskirken.inside.rocks\/nb\/personvern\/","title":{"rendered":"Personvern"},"content":{"rendered":"\n<p>Inside Rock Cafe lagrer ikke persondata om bes\u00f8kende. Vi tracker deg ikke.<\/p>\n\n\n\n<p>Noen plug-ins eller sosial media innlegg <em>kan<\/em> bruke cookies som vi ikke kontrollerer. Vi pr\u00f8ver \u00e5 unng\u00e5 disse hvis mulig.<\/p>\n\n\n\n<p>Ved booking av bord\/event lagres navn og kontakt informasjon <strong>kun<\/strong> for kontakt vedr\u00f8rende din booking.<\/p>\n","protected":false},"excerpt":{"rendered":"<p>Inside Rock Cafe lagrer ikke persondata om bes\u00f8kende. Vi tracker deg ikke. Noen plug-ins eller sosial media innlegg kan bruke cookies som vi ikke kontrollerer. Vi pr\u00f8ver \u00e5 unng\u00e5 disse hvis mulig. Ved booking av bord\/event lagres navn og kontakt informasjon kun for kontakt vedr\u00f8rende din booking.<\/p>\n","protected":false},"author":1,"featured_media":0,"parent":0,"menu_order":0,"comment_status":"closed","ping_status":"closed","template":"","meta":{"advanced_seo_description":"","jetpack_seo_html_title":"","jetpack_seo_noindex":false,"footnotes":""},"class_list":["post-363","page","type-page","status-publish","hentry"],"jetpack_sharing_enabled":true,"_links":{"self":[{"href":"https:\/\/korskirken.inside.rocks\/nb\/wp-json\/wp\/v2\/pages\/363","targetHints":{"allow":["GET"]}}],"collection":[{"href":"https:\/\/korskirken.inside.rocks\/nb\/wp-json\/wp\/v2\/pages"}],"about":[{"href":"https:\/\/korskirken.inside.rocks\/nb\/wp-json\/wp\/v2\/types\/page"}],"author":[{"embeddable":true,"href":"https:\/\/korskirken.inside.rocks\/nb\/wp-json\/wp\/v2\/users\/1"}],"replies":[{"embeddable":true,"href":"https:\/\/korskirken.inside.rocks\/nb\/wp-json\/wp\/v2\/comments?post=363"}],"version-history":[{"count":3,"href":"https:\/\/korskirken.inside.rocks\/nb\/wp-json\/wp\/v2\/pages\/363\/revisions"}],"predecessor-version":[{"id":504,"href":"https:\/\/korskirken.inside.rocks\/nb\/wp-json\/wp\/v2\/pages\/363\/revisions\/504"}],"wp:attachment":[{"href":"https:\/\/korskirken.inside.rocks\/nb\/wp-json\/wp\/v2\/media?parent=363"}],"curies":[{"name":"wp","href":"https:\/\/api.w.org\/{rel}","templated":true}]}}