{"id":596,"date":"2025-12-15T15:34:29","date_gmt":"2025-12-15T14:34:29","guid":{"rendered":"https:\/\/korskirken.inside.rocks\/nb\/?page_id=596"},"modified":"2026-01-02T13:32:37","modified_gmt":"2026-01-02T12:32:37","slug":"f-a-q","status":"publish","type":"page","link":"https:\/\/korskirken.inside.rocks\/nb\/f-a-q\/","title":{"rendered":"F.A.Q. Ofte stilte sp\u00f8rsm\u00e5l"},"content":{"rendered":"\n<div class=\"wp-block-group has-global-padding is-layout-constrained wp-block-group-is-layout-constrained\">\n<div style=\"height:30px\" aria-hidden=\"true\" class=\"wp-block-spacer\"><\/div>\n\n\n\n<h1 class=\"wp-block-heading\">F.A.Q. Ofte stilte sp\u00f8rsm\u00e5l<\/h1>\n\n\n\n<div style=\"height:100px\" aria-hidden=\"true\" class=\"wp-block-spacer\"><\/div>\n\n\n\n<div class=\"wp-block-group is-vertical is-content-justification-left is-layout-flex wp-container-core-group-is-layout-9e5905da wp-block-group-is-layout-flex\" style=\"min-height:470px\">\n<details class=\"wp-block-details is-layout-flow wp-block-details-is-layout-flow\"><summary><strong>Hvor finner jeg epost adressen deres?<\/strong><\/summary>\n<p>Vi legger ikke epost adressen v\u00e5r ut p\u00e5 nettsiden for \u00e5 unng\u00e5 spam fra bots. <a href=\"https:\/\/korskirken.inside.rocks\/nb\/kontakt-oss\/\" data-type=\"page\" data-id=\"104\">Bruk kontakt<\/a> skjema s\u00e5 svarer vi p\u00e5 mail \ud83d\ude42<\/p>\n<\/details>\n\n\n\n<details class=\"wp-block-details is-layout-flow wp-block-details-is-layout-flow\"><summary><strong>Jeg har allergi, kan jeg spise hos dere?<\/strong><\/summary>\n<p>Vi gj\u00f8r s\u00e5 godt vi kan for \u00e5 tilpasse for allergier, men vi kan ikke garantere for partikkelsmitte.<\/p>\n\n\n\n<p><a href=\"https:\/\/korskirken.inside.rocks\/nb\/booke-bord\/\" data-type=\"page\" data-id=\"34\">Booker du bord online<\/a> kan du oppgi dine allergier slik at vi kan oppgi informasjon ved ankomst, eventuelt om vi kan tilpasse retten du \u00f8nsker \u00e5 spise.<\/p>\n<\/details>\n\n\n\n<details class=\"wp-block-details is-layout-flow wp-block-details-is-layout-flow\"><summary><strong>Har dere Firmaavtale?<\/strong><\/summary>\n<p>Vi kan tilby firmaavtaler for sm\u00e5 og store bedrifter.<\/p>\n\n\n\n<p>Vennligst ta kontakt med oss <a href=\"https:\/\/korskirken.inside.rocks\/nb\/kontakt-oss\/\" data-type=\"page\" data-id=\"104\">med skjemaet<\/a><\/p>\n<\/details>\n\n\n\n<details class=\"wp-block-details is-layout-flow wp-block-details-is-layout-flow\"><summary><strong>Har dere Quiz?<\/strong><\/summary>\n<p><strong>Vi har quiz p\u00e5 Inside Bar &#038; Cafe hver onsdag fra kl20:00.<\/strong><br><a href=\"http:\/\/booking.inside.rocks\/inside-quiz\/\">Du kan booke bord for laget ditt her.<\/a><\/p>\n<\/details>\n\n\n\n<details class=\"wp-block-details is-layout-flow wp-block-details-is-layout-flow\"><summary><strong>Har dere vegetar\/vegansk alternativer?<\/strong><\/summary>\n<p>Yes! Ta en titt p\u00e5 <a href=\"https:\/\/korskirken.inside.rocks\/nb\/mat-meny\/\" data-type=\"page\" data-id=\"52\">menyen v\u00e5r.<\/a><\/p>\n\n\n\n<p>Vi har 5 burgere som kan lages 100% vegansk, med egen vegansk versjon av dressingene v\u00e5res.<\/p>\n\n\n\n<p>De fleste burgere kan lages vegetar.<\/p>\n<\/details>\n\n\n\n<details class=\"wp-block-details is-layout-flow wp-block-details-is-layout-flow\"><summary><strong>Kan vi ha med hunden inn i restauranten?<\/strong><\/summary>\n<p>Dessverre. For \u00e5 ivareta alle gjesters komfort ber vi om at hunder ikke tas med inn i restauranten, da noen kan foretrekke et dyrefritt milj\u00f8. Sertifiserte servicehunder er selvf\u00f8lgelig alltid velkomne.<\/p>\n<\/details>\n\n\n\n<details class=\"wp-block-details is-layout-flow wp-block-details-is-layout-flow\"><summary><strong>Jeg \u00f8nsker \u00e5 booke en st\u00f8rre gruppe. Hvor mange har dere plass til?<\/strong><\/summary>\n<p>Vi har god kapasitet og kan ta imot grupper p\u00e5 opptil <strong>100\u2013120 personer<\/strong>.<\/p>\n\n\n\n<ul class=\"wp-block-list\">\n<li>Vi har <strong>to private rom<\/strong> med plass til 10 personer hver, som kan sl\u00e5s sammen til grupper p\u00e5 opptil 20.<\/li>\n\n\n\n<li>Vi har ogs\u00e5 <strong>ett privatrom med plass til 30+ personer<\/strong>.<\/li>\n\n\n\n<li>Det er ikke noe problem \u00e5 tilpasse for enda st\u00f8rre grupper \u2013 vi finner en l\u00f8sning sammen.<\/li>\n<\/ul>\n\n\n\n<p>Du kan enkelt reservere for opptil <strong>20 <a href=\"https:\/\/korskirken.inside.rocks\/nb\/booke-bord\/\" data-type=\"page\" data-id=\"34\">personer online<\/a><\/strong>. For st\u00f8rre grupper, ta gjerne direkte <a href=\"https:\/\/korskirken.inside.rocks\/nb\/kontakt-oss\/\" data-type=\"page\" data-id=\"104\">kontakt med oss<\/a>, s\u00e5 hjelper vi deg med planleggingen.<\/p>\n<\/details>\n\n\n\n<details class=\"wp-block-details is-layout-flow wp-block-details-is-layout-flow\"><summary><strong>Er det aldersgrense hos dere?<\/strong><\/summary>\n<p>Mens kj\u00f8kkenet er \u00e5pent er det ikke noe aldersgrense hos oss. Etter kj\u00f8kkenet stenger er grensen 20+<\/p>\n\n\n\n<ul class=\"wp-block-list\">\n<li>Fra \u00e5pning til kl 22:30 &#8211; Ingen aldersgrense<\/li>\n\n\n\n<li>Fra kl 22:30 til 02:30 &#8211; 20+ aldersgrense<\/li>\n<\/ul>\n<\/details>\n\n\n\n<details class=\"wp-block-details is-layout-flow wp-block-details-is-layout-flow\"><summary><strong>Har dere Studentrabatt?<\/strong><\/summary>\n<p>YES! Som student med gyldig bevis f\u00e5r du:<\/p>\n\n\n\n<ul class=\"wp-block-list\">\n<li>20% Rabatt p\u00e5 burger<\/li>\n\n\n\n<li>Gode rabatter p\u00e5 diverse drikkevarer. Kom innom for \u00e5 se menyen.<\/li>\n<\/ul>\n<\/details>\n\n\n\n<details class=\"wp-block-details is-layout-flow wp-block-details-is-layout-flow\"><summary><strong>Kan vi bestille burger n\u00e5r dere \u00e5pner for lunsj?<\/strong><\/summary>\n<p>Absolutt! Vi har hele menyen tilgjengelig fra \u00e5pning. Hvis du f\u00f8ler for en saftig burger til lunsj kan du f\u00e5 det, men vi har ogs\u00e5 egg og bacon + diverse sandwiches tilgjengelig.<\/p>\n<\/details>\n<\/div>\n<\/div>\n","protected":false},"excerpt":{"rendered":"<p>F.A.Q. Ofte stilte sp\u00f8rsm\u00e5l<\/p>\n","protected":false},"author":2,"featured_media":606,"parent":0,"menu_order":0,"comment_status":"closed","ping_status":"closed","template":"page-no-title","meta":{"advanced_seo_description":"","jetpack_seo_html_title":"","jetpack_seo_noindex":false,"footnotes":""},"class_list":["post-596","page","type-page","status-publish","has-post-thumbnail","hentry"],"jetpack_sharing_enabled":true,"_links":{"self":[{"href":"https:\/\/korskirken.inside.rocks\/nb\/wp-json\/wp\/v2\/pages\/596","targetHints":{"allow":["GET"]}}],"collection":[{"href":"https:\/\/korskirken.inside.rocks\/nb\/wp-json\/wp\/v2\/pages"}],"about":[{"href":"https:\/\/korskirken.inside.rocks\/nb\/wp-json\/wp\/v2\/types\/page"}],"author":[{"embeddable":true,"href":"https:\/\/korskirken.inside.rocks\/nb\/wp-json\/wp\/v2\/users\/2"}],"replies":[{"embeddable":true,"href":"https:\/\/korskirken.inside.rocks\/nb\/wp-json\/wp\/v2\/comments?post=596"}],"version-history":[{"count":25,"href":"https:\/\/korskirken.inside.rocks\/nb\/wp-json\/wp\/v2\/pages\/596\/revisions"}],"predecessor-version":[{"id":794,"href":"https:\/\/korskirken.inside.rocks\/nb\/wp-json\/wp\/v2\/pages\/596\/revisions\/794"}],"wp:featuredmedia":[{"embeddable":true,"href":"https:\/\/korskirken.inside.rocks\/nb\/wp-json\/wp\/v2\/media\/606"}],"wp:attachment":[{"href":"https:\/\/korskirken.inside.rocks\/nb\/wp-json\/wp\/v2\/media?parent=596"}],"curies":[{"name":"wp","href":"https:\/\/api.w.org\/{rel}","templated":true}]}}